{"id":65,"date":"2021-01-02T13:20:19","date_gmt":"2021-01-02T10:20:19","guid":{"rendered":"https:\/\/radyo10.com\/?page_id=65"},"modified":"2021-01-02T13:20:19","modified_gmt":"2021-01-02T10:20:19","slug":"kunye","status":"publish","type":"page","link":"https:\/\/radyo10.com\/index.php\/kunye\/","title":{"rendered":"K\u00fcnye"},"content":{"rendered":"\n<figure class=\"wp-block-table\"><table><tbody><tr><td><strong>Kurucu Genel M\u00fcd\u00fcr:<\/strong><\/td><td>Do\u011fan Alparslan<\/td><\/tr><tr><td><strong>Y\u00f6netim Kurulu Ba\u015fkan\u0131:<\/strong><\/td><td>G\u00fcven Ba\u015f\u00e7ivi<\/td><\/tr><tr><td><strong>Yay\u0131n Y\u00f6netmeni:<\/strong><\/td><td>Tevfik Albayrak<\/td><\/tr><tr><td><strong>M\u00fczik Y\u00f6netmeni:<\/strong><\/td><td>Mustafa G\u00fcm\u00fc\u015ftekin<\/td><\/tr><tr><td><strong>Haber Sorumlusu:<\/strong><\/td><td>Semra Aman<\/td><\/tr><tr><td><strong>Reklam Sorumlusu:<\/strong><\/td><td>G\u00fclgez Ta\u015f\u00e7\u0131<\/td><\/tr><\/tbody><\/table><\/figure>\n","protected":false},"excerpt":{"rendered":"<p>Kurucu Genel M\u00fcd\u00fcr: Do\u011fan Alparslan Y\u00f6netim Kurulu Ba\u015fkan\u0131: G\u00fcven Ba\u015f\u00e7ivi Yay\u0131n Y\u00f6netmeni: Tevfik Albayrak M\u00fczik Y\u00f6netmeni: Mustafa G\u00fcm\u00fc\u015ftekin Haber Sorumlusu: &hellip; <a href=\"https:\/\/radyo10.com\/index.php\/kunye\/\" class=\"more-link\"><span class=\"more-button\">Okumaya devam et<span class=\"screen-reader-text\">K\u00fcnye<\/span><\/span><\/a><\/p>\n","protected":false},"author":2,"featured_media":0,"parent":0,"menu_order":0,"comment_status":"closed","ping_status":"closed","template":"","meta":[],"_links":{"self":[{"href":"https:\/\/radyo10.com\/index.php\/wp-json\/wp\/v2\/pages\/65"}],"collection":[{"href":"https:\/\/radyo10.com\/index.php\/wp-json\/wp\/v2\/pages"}],"about":[{"href":"https:\/\/radyo10.com\/index.php\/wp-json\/wp\/v2\/types\/page"}],"author":[{"embeddable":true,"href":"https:\/\/radyo10.com\/index.php\/wp-json\/wp\/v2\/users\/2"}],"replies":[{"embeddable":true,"href":"https:\/\/radyo10.com\/index.php\/wp-json\/wp\/v2\/comments?post=65"}],"version-history":[{"count":1,"href":"https:\/\/radyo10.com\/index.php\/wp-json\/wp\/v2\/pages\/65\/revisions"}],"predecessor-version":[{"id":66,"href":"https:\/\/radyo10.com\/index.php\/wp-json\/wp\/v2\/pages\/65\/revisions\/66"}],"wp:attachment":[{"href":"https:\/\/radyo10.com\/index.php\/wp-json\/wp\/v2\/media?parent=65"}],"curies":[{"name":"wp","href":"https:\/\/api.w.org\/{rel}","templated":true}]}}