{"id":68,"date":"2021-01-02T13:23:44","date_gmt":"2021-01-02T10:23:44","guid":{"rendered":"https:\/\/radyo10.com\/?page_id=68"},"modified":"2021-01-05T09:54:26","modified_gmt":"2021-01-05T06:54:26","slug":"nerelerde-dinleniyor","status":"publish","type":"page","link":"https:\/\/radyo10.com\/index.php\/nerelerde-dinleniyor\/","title":{"rendered":"Nerelerde Dinleniyor"},"content":{"rendered":"\n<ul><li>BALIKES\u0130R<ul><li>BE\u015ePINAR<\/li><li>KONAKPINAR<\/li><li>BEREKETL\u0130<\/li><li>TA\u015eK\u00d6Y<\/li><li>AKARSU<\/li><li>HALKAPINAR<\/li><li>B\u00dcY\u00dcKPINAR<\/li><li>KUYUALAN<\/li><li>G\u00d6KK\u00d6Y<\/li><li>DI\u015eBUDAK<\/li><li>\u00c7ANARLIDERE BA\u011eTEPE<\/li><li>\u00c7\u0130\u00c7EKPINAR<\/li><li>AK\u00c7AG\u00dcNEY<\/li><li>K\u00d6SELER<\/li><li>YAYLABAYIR<\/li><li>KES\u0130RVEN<\/li><li>KARAMAN<\/li><li>KABAKLI<\/li><li>SIVATPINAR<\/li><li>\u00c7AKILLIK<\/li><li>PA\u015eAK\u00d6Y<\/li><li>HALALCA<\/li><li>AY\u015eEBACI<\/li><li>\u00c7AYPINAR<\/li><li>VEL\u0130LER<\/li><li>KURTDERE<\/li><li>DERE\u00c7\u0130FTL\u0130K<\/li><li>K\u0130RAZ<\/li><li>KU\u015eKAYA<\/li><li>ATK\u00d6Y<\/li><li>OVAK\u00d6Y<\/li><li>\u00dc\u00c7PINAR<\/li><li>FETH\u0130YE<\/li><li>\u00c7AKIRLI<\/li><li>B\u0130GATEPE<\/li><li>KARAMANLAR<\/li><li>BOZEN<\/li><li>BAYAT<\/li><li>ASLIHAN<\/li><li>YAKUPK\u00d6Y<\/li><li>BAKACAK<\/li><li>\u0130B\u0130RLER<\/li><li>BEKTA\u015eLAR<\/li><li>\u00c7ANK\u00d6Y<\/li><li>T\u00dcRKAL\u0130<\/li><li>SEL\u0130M\u0130YE<\/li><li>ASLIHANTEPEC\u0130K<\/li><li>\u00c7ANDIR<\/li><li>KOCAAV\u015eAR<\/li><li>YEN\u0130K\u00d6Y<\/li><li>C\u0130NGE<\/li><li>\u00c7AYIRH\u0130SAR<\/li><li>TA\u015ePINAR<\/li><li>K\u00dc\u00c7\u00dcK BOSTANCI<\/li><li>YEN\u0130CE<\/li><li>BALIKLI<\/li><li>TATLIPINAR<\/li><li>K\u00d6TEYL\u0130<\/li><li>KILCILAR<\/li><li>PAMUK\u00c7U<\/li><li>TURNALAR<\/li><li>B\u00dcY\u00dcK BOSTANCI<\/li><li>OVABAYINDIR<\/li><li>K\u00d6YL\u00dcK\u00d6Y<\/li><li>\u015eAMLI<\/li><li>\u00c7APARLI<\/li><li>MACARLAR<\/li><li>SUSURLUK<ul><li>DEM\u0130RKAPI<\/li><\/ul><\/li><li>SAVA\u015eTEPE<ul><li>YAZ\u00d6REN<\/li><\/ul><\/li><li>BALYA<ul><li>YEN\u0130KAVAK<\/li><\/ul><\/li><li>KEPSUT<ul><li>SARA\u00c7<\/li><li>HOTA\u015eLAR<\/li><li>MAHMUD\u0130YE<\/li><li>OSMAN\u0130YE<\/li><li>SARI\u00c7AYIR<\/li><li>DOMBAYDERE<\/li><li>KALBURCU<\/li><li>MEZ\u0130T<\/li><li>NUSRET<\/li><li>BEYK\u00d6Y<\/li><li>EY\u00dcPB\u00dcK\u00dc<\/li><li>DANAH\u0130SAR<\/li><li>BEKTA\u015eLAR<\/li><li>DURAK<\/li><li>\u0130SAALANI<\/li><li>P\u0130YADE<\/li><li>DALK\u00d6Y<\/li><li>\u00d6RENL\u0130<\/li><\/ul><\/li><li>B\u0130GAD\u0130\u00c7<ul><li>\u00c7A\u011eI\u015e<\/li><li>ESENL\u0130<\/li><li>G\u00dcVEM\u00c7ETM\u0130<\/li><li>\u00c7\u00d6MLEK\u00c7\u0130<\/li><li>MEC\u0130D\u0130YE<\/li><li>ELYAPAN<\/li><li>\u00c7AY\u00dcST\u00dc<\/li><li>DE\u011e\u0130RMENL\u0130<\/li><li>\u0130SKELE<\/li><li>\u00c7ALDERE<\/li><li>BE\u011eEND\u0130KLER<\/li><li>DO\u011eAN\u00c7AM<\/li><li>YOLBA\u015eI<\/li><li>KARGIN<\/li><li>DURASALAR<\/li><li>\u0130LYASLAR<\/li><li>H\u0130SAR<\/li><li>YA\u011eCILAR<\/li><li>ALAN<\/li><\/ul><\/li><\/ul><ul><li>SINDIRGI<ul><li>G\u00d6LC\u00dcK<\/li><li>MANDIRA<\/li><li>\u00c7AYG\u00d6REN<\/li><li>I\u015eIKLAR<\/li><li>UMURLAR<\/li><li>H\u0130SARALAN<\/li><li>\u00c7AMALANI<\/li><li>K\u00dcRENDERE<\/li><li>\u0130ZZETT\u0130N<\/li><\/ul><\/li><li>DURSUNBEY<ul><li>K\u00dc\u00c7\u00dcKLER<\/li><li>ADAK\u00d6Y<\/li><li>AK\u00c7AG\u00dcNEY<\/li><li>SARNI\u00c7<\/li><li>S\u00dcLELER<\/li><li>KAVACIK<\/li><li>\u015eABANLAR<\/li><li>UMURLAR<\/li><li>\u00c7ATAL\u00c7AM<\/li><li>SA\u011eIRLAR<\/li><li>\u00c7AMK\u00d6Y<\/li><li>SEL\u0130MA\u011eA<\/li><li>TEPEK\u00d6Y<\/li><\/ul><\/li><\/ul><\/li><li>K\u00dcTAHYA<ul><li>S\u0130MAV<ul><li>KI\u00c7IR<\/li><li>YEN\u0130K\u00d6Y<\/li><\/ul><\/li><li>EMET<\/li><\/ul><\/li><li>\u00c7ANAKKALE<ul><li>YEN\u0130CE<ul><li>\u00c7AKIR<\/li><\/ul><\/li><\/ul><\/li><li>MAN\u0130SA<ul><li>AKH\u0130SAR<ul><li>GELENBE<\/li><\/ul><\/li><li>KIRKA\u011eA\u00c7<ul><li>HACET<\/li><\/ul><\/li><\/ul><\/li><\/ul>\n","protected":false},"excerpt":{"rendered":"<p>BALIKES\u0130R BE\u015ePINAR KONAKPINAR BEREKETL\u0130 TA\u015eK\u00d6Y AKARSU HALKAPINAR B\u00dcY\u00dcKPINAR KUYUALAN G\u00d6KK\u00d6Y DI\u015eBUDAK \u00c7ANARLIDERE BA\u011eTEPE \u00c7\u0130\u00c7EKPINAR AK\u00c7AG\u00dcNEY K\u00d6SELER YAYLABAYIR KES\u0130RVEN KARAMAN KABAKLI &hellip; <a href=\"https:\/\/radyo10.com\/index.php\/nerelerde-dinleniyor\/\" class=\"more-link\"><span class=\"more-button\">Okumaya devam et<span class=\"screen-reader-text\">Nerelerde Dinleniyor<\/span><\/span><\/a><\/p>\n","protected":false},"author":2,"featured_media":0,"parent":0,"menu_order":0,"comment_status":"closed","ping_status":"closed","template":"","meta":[],"_links":{"self":[{"href":"https:\/\/radyo10.com\/index.php\/wp-json\/wp\/v2\/pages\/68"}],"collection":[{"href":"https:\/\/radyo10.com\/index.php\/wp-json\/wp\/v2\/pages"}],"about":[{"href":"https:\/\/radyo10.com\/index.php\/wp-json\/wp\/v2\/types\/page"}],"author":[{"embeddable":true,"href":"https:\/\/radyo10.com\/index.php\/wp-json\/wp\/v2\/users\/2"}],"replies":[{"embeddable":true,"href":"https:\/\/radyo10.com\/index.php\/wp-json\/wp\/v2\/comments?post=68"}],"version-history":[{"count":5,"href":"https:\/\/radyo10.com\/index.php\/wp-json\/wp\/v2\/pages\/68\/revisions"}],"predecessor-version":[{"id":94,"href":"https:\/\/radyo10.com\/index.php\/wp-json\/wp\/v2\/pages\/68\/revisions\/94"}],"wp:attachment":[{"href":"https:\/\/radyo10.com\/index.php\/wp-json\/wp\/v2\/media?parent=68"}],"curies":[{"name":"wp","href":"https:\/\/api.w.org\/{rel}","templated":true}]}}