{"id":71,"date":"2021-01-02T13:24:46","date_gmt":"2021-01-02T10:24:46","guid":{"rendered":"https:\/\/radyo10.com\/?page_id=71"},"modified":"2021-01-02T13:24:46","modified_gmt":"2021-01-02T10:24:46","slug":"hakkimizda","status":"publish","type":"page","link":"https:\/\/radyo10.com\/index.php\/hakkimizda\/","title":{"rendered":"Hakk\u0131m\u0131zda"},"content":{"rendered":"\n<p><strong>Radyo 10 Bal\u0131kesir, T\u00fcrkiye&#8217;de<\/strong> \u00f6zel radyolar\u0131n yay\u0131na ba\u015flad\u0131\u011f\u0131 <strong>1992<\/strong> y\u0131l\u0131nda <strong>Bal\u0131kesirlilere &#8220;merhaba&#8221;<\/strong> dedi. Kurucular\u0131, programc\u0131lar\u0131, sunucular\u0131 ve di\u011fer \u00e7al\u0131\u015fanlar\u0131n\u0131n <strong>Bal\u0131kesir<\/strong>li olmalar\u0131n\u0131n yan\u0131s\u0131ra, <strong>FM 102.6<\/strong> frekans\u0131ndan radyolara ula\u015fan haberleri, reklamlar\u0131, istekleri her\u015feyi ile <strong>Bal\u0131kes<\/strong>ir&#8217;i anlatan bu radyo k\u0131sa s\u00fcrede <strong>Bal\u0131kesirlilerin<\/strong> b\u00fcy\u00fck ilgisi ile kar\u015f\u0131la\u015ft\u0131.<\/p>\n\n\n\n<p>Televizyonlar\u0131n egemenli\u011fi nedeniyle, adeta tedav\u00fclden kald\u0131r\u0131lan radyolar, <strong>Radyo 10<\/strong> ile beraber yeniden evlerin ba\u015f k\u00f6\u015felerine yerle\u015fmeye ba\u015flad\u0131. Baz\u0131 evlerde radyolar sand\u0131klardan \u00e7\u0131kar\u0131l\u0131rken, baz\u0131 evlerde de yenileri al\u0131nmaya ba\u015fland\u0131.<\/p>\n\n\n\n<p><strong>Radyo 10&#8217;un, Bal\u0131kesirlilerden<\/strong> g\u00f6rd\u00fc\u011f\u00fc ilgi nedeniyle kentimizdeki radyolar\u0131n say\u0131s\u0131 da her ge\u00e7en artt\u0131. Hatta bir ara kent merkezinden yay\u0131n yapan radyolar\u0131n say\u0131s\u0131 <strong>20<\/strong>&#8216;leri buldu. Ancak, bu say\u0131 <strong>199<\/strong>4 y\u0131l\u0131nda yasan\u0131n \u00e7\u0131kmas\u0131yla <strong>10<\/strong>&#8216;a d\u00fc\u015ft\u00fc. Daha sonra da \u00e7e\u015fitli nedenlerle bunlar\u0131n da yar\u0131s\u0131 kapanmak zorunda kald\u0131.<\/p>\n\n\n\n<p>Bu g\u00fcn <strong>Bal\u0131kesir<\/strong>&#8216;de yay\u0131nda olan radyolar i\u00e7inde, en eskisi durumundaki <strong>Radyo 10<\/strong>, kurucusu <strong>Do\u011fan Alparslan<\/strong>&#8216;\u0131n radyo-televizyon konusunda y\u00fcksek e\u011fitim alm\u0131\u015f olmas\u0131, programc\u0131, sunucu ve di\u011fer \u00e7al\u0131\u015fanlar\u0131n\u0131n alanlar\u0131nda <strong>Bal\u0131kesir<\/strong>&#8216;in en iyileri olmalar\u0131 ve y\u0131llard\u0131r profesyonel bir kadronun&nbsp;&nbsp;i\u015f ba\u015f\u0131nda olmas\u0131 nedeniyle <strong>Radyo 10, Bal\u0131kesir<\/strong>&#8216;in en \u00e7ok dinlenilen, en kaliteli radyo olmas\u0131n\u0131 sa\u011flad\u0131.<\/p>\n\n\n\n<p>Bunda,&nbsp;&nbsp;<strong>Radyo 10<\/strong>&#8216;un kulland\u0131\u011f\u0131 teknoloji ile <strong>Bal\u0131kesir<\/strong>&#8216;in her y\u00f6n\u00fcne oldu\u011fu kadar, \u00e7evre il ve il\u00e7elere kadar yay\u0131n\u0131n\u0131n ula\u015fmas\u0131n\u0131n da pay\u0131 olmu\u015ftur. Hatta, yakla\u015f\u0131k <strong>5<\/strong> y\u0131l&nbsp;&nbsp;<strong>Edremit, Havran, Burhaniye ve G\u00f6me\u00e7<\/strong>&#8216;teki vatanda\u015flar\u0131m\u0131z da <strong>Radyo 10<\/strong>&#8216;u dinleyebilmi\u015flerdir.<\/p>\n\n\n\n<p><strong>Radyo 10<\/strong>&#8216;un \u00e7ok dinlenilen, kaliteli ve nitelikli bir radyo olmas\u0131, reklamverenlerin de tercih nedeni olmas\u0131n\u0131 sa\u011flad\u0131. <strong>Bal\u0131kesirli<\/strong> esnaf ve i\u015f camias\u0131 \u00fcr\u00fcnlerini ve hizmetlerinin tan\u0131t\u0131m\u0131 i\u00e7in <strong>Radyo 10<\/strong>&#8216;u se\u00e7ti. Bu tevecc\u00fch sadece yerelde de\u011fil, ulusal anlamda da ger\u00e7ekle\u015fti. Bu g\u00fcn, <strong>Bal\u0131kesir<\/strong>&#8216;de yay\u0131nlanan ulusal reklamlar\u0131n y\u00fczde <strong>80&#8217;i Radyo 10<\/strong>&#8216;da yay\u0131nlanmaktad\u0131r.<\/p>\n\n\n\n<p>T\u00fcm bunlar, <strong>Radyo 10&#8217;u &#8220;iyi, g\u00fczel ve do\u011fru&#8221; <\/strong>olan\u0131 yapmaktan al\u0131koymam\u0131\u015ft\u0131r. Sekt\u00f6rdeki teknolojik geli\u015fmeler yak\u0131ndan takip edilmekte, yeni alb\u00fcmler herkesten \u00f6nce <strong>Radyo 10<\/strong>&#8216;da yay\u0131nlanmaktad\u0131r. Pek\u00e7ok radyo hi\u00e7 program yapmadan, adeta bir m\u00fczik kutusu gibi yay\u0131n\u0131n\u0131 s\u00fcrd\u00fcr\u00fcrken, <strong>Radyo 10<\/strong>, g\u00fcnde 7 ku\u015fak haber b\u00fclteni, istek ve yar\u0131\u015fma programlar\u0131, bayanlara y\u00f6nelik ku\u015fak program\u0131, sanat m\u00fczi\u011fi ve nostalji i\u00e7erikli programlar\u0131 ile her zamanki gibi, yine bir ad\u0131m \u00f6nde yer almaktad\u0131r.<\/p>\n","protected":false},"excerpt":{"rendered":"<p>Radyo 10 Bal\u0131kesir, T\u00fcrkiye&#8217;de \u00f6zel radyolar\u0131n yay\u0131na ba\u015flad\u0131\u011f\u0131 1992 y\u0131l\u0131nda Bal\u0131kesirlilere &#8220;merhaba&#8221; dedi. Kurucular\u0131, programc\u0131lar\u0131, sunucular\u0131 ve di\u011fer \u00e7al\u0131\u015fanlar\u0131n\u0131n Bal\u0131kesirli &hellip; <a href=\"https:\/\/radyo10.com\/index.php\/hakkimizda\/\" class=\"more-link\"><span class=\"more-button\">Okumaya devam et<span class=\"screen-reader-text\">Hakk\u0131m\u0131zda<\/span><\/span><\/a><\/p>\n","protected":false},"author":2,"featured_media":0,"parent":0,"menu_order":0,"comment_status":"closed","ping_status":"closed","template":"","meta":[],"_links":{"self":[{"href":"https:\/\/radyo10.com\/index.php\/wp-json\/wp\/v2\/pages\/71"}],"collection":[{"href":"https:\/\/radyo10.com\/index.php\/wp-json\/wp\/v2\/pages"}],"about":[{"href":"https:\/\/radyo10.com\/index.php\/wp-json\/wp\/v2\/types\/page"}],"author":[{"embeddable":true,"href":"https:\/\/radyo10.com\/index.php\/wp-json\/wp\/v2\/users\/2"}],"replies":[{"embeddable":true,"href":"https:\/\/radyo10.com\/index.php\/wp-json\/wp\/v2\/comments?post=71"}],"version-history":[{"count":1,"href":"https:\/\/radyo10.com\/index.php\/wp-json\/wp\/v2\/pages\/71\/revisions"}],"predecessor-version":[{"id":72,"href":"https:\/\/radyo10.com\/index.php\/wp-json\/wp\/v2\/pages\/71\/revisions\/72"}],"wp:attachment":[{"href":"https:\/\/radyo10.com\/index.php\/wp-json\/wp\/v2\/media?parent=71"}],"curies":[{"name":"wp","href":"https:\/\/api.w.org\/{rel}","templated":true}]}}