{"id":75,"date":"2021-01-02T13:33:42","date_gmt":"2021-01-02T10:33:42","guid":{"rendered":"https:\/\/radyo10.com\/?page_id=75"},"modified":"2021-01-02T13:33:42","modified_gmt":"2021-01-02T10:33:42","slug":"yayin-akisi","status":"publish","type":"page","link":"https:\/\/radyo10.com\/index.php\/yayin-akisi\/","title":{"rendered":"Yay\u0131n Ak\u0131\u015f\u0131"},"content":{"rendered":"\n<figure class=\"wp-block-table\"><table><tbody><tr><td><strong>2008<\/strong><\/td><td><strong>PAZARTES\u0130<\/strong><\/td><td><strong>SALI<\/strong><\/td><td><strong>\u00c7AR\u015eAMBA<\/strong><\/td><td><strong>PER\u015eEMBE<\/strong><\/td><td><strong>CUMA<\/strong><\/td><td><strong>CUMARTES\u0130<\/strong><\/td><td><strong>PAZAR<\/strong><\/td><\/tr><tr><td>08.00 &#8211; 10.00<\/td><td>G\u00fcnayd\u0131n<\/td><td>G\u00fcnayd\u0131n<\/td><td>G\u00fcnayd\u0131n<\/td><td>G\u00fcnayd\u0131n<\/td><td>G\u00fcnayd\u0131n<\/td><td>O. Se\u00e7tikleri<\/td><td>O.Se\u00e7tikleri<\/td><\/tr><tr><td>&nbsp;<\/td><td>Bal\u0131kesir<\/td><td>Bal\u0131kesir<\/td><td>Bal\u0131kesir<\/td><td>Bal\u0131kesir<\/td><td>Bal\u0131kesir<\/td><td>G.Bah\u00e7esi<\/td><td>&nbsp;<\/td><\/tr><tr><td>10.00 &#8211; 10.15<\/td><td>Haberler<\/td><td>Haberler<\/td><td>Haberler<\/td><td>Haberler<\/td><td>Haberler<\/td><td>Haberler<\/td><td>Haberler<\/td><\/tr><tr><td>10.15 &#8211; 12.00<\/td><td>Mavi Boncuk<\/td><td>Mavi Boncuk<\/td><td>Mavi&nbsp;Boncuk<\/td><td>Mavi&nbsp;Boncuk<\/td><td>Mavi&nbsp;Boncuk<\/td><td>Mavi&nbsp;Boncuk<\/td><td>Mavi&nbsp;Boncuk<\/td><\/tr><tr><td>12.00 &#8211; 12.15<\/td><td>Haberler<\/td><td>Haberler<\/td><td>Haberler<\/td><td>Haberler<\/td><td>Haberler<\/td><td>Haberler<\/td><td>Haberler<\/td><\/tr><tr><td>12.15 &#8211; 14.00<\/td><td>Karbon<\/td><td>Karbon<\/td><td>Karbon<\/td><td>Karbon<\/td><td>Karbon<\/td><td>On&#8217;dan Size<\/td><td>On&#8217;dan Size<\/td><\/tr><tr><td>14.00 &#8211; 14.15<\/td><td>Haberler<\/td><td>Haberler<\/td><td>Haberler<\/td><td>Haberler<\/td><td>Haberler<\/td><td>Haberler<\/td><td>Haberler<\/td><\/tr><tr><td>14.15 &#8211; 15.00<\/td><td>On Mix<\/td><td>On Mix<\/td><td>On Mix<\/td><td>On Mix<\/td><td>On Mix<\/td><td>Trafik<\/td><td>On Mix<\/td><\/tr><tr><td>15.00 &#8211; 17.00<\/td><td>Mutluluk Mesajlar\u0131<\/td><td>Mutluluk Mesajlar\u0131<\/td><td>Mutluluk Mesajlar\u0131<\/td><td>Mutluluk Mesajlar\u0131<\/td><td>Mutluluk Mesajlar\u0131<\/td><td>Mutluluk Mesajlar\u0131<\/td><td>Mutluluk Mesajlar\u0131<\/td><\/tr><tr><td>17.00 &#8211; 17.15<\/td><td>Haberler<\/td><td>Haberler<\/td><td>Haberler<\/td><td>Haberler<\/td><td>Haberler<\/td><td>Haberler<\/td><td>Haberler<\/td><\/tr><tr><td>17.15 &#8211; 19.00<\/td><td>Na\u011fme<\/td><td>Na\u011fme<\/td><td>Na\u011fme<\/td><td>Na\u011fme<\/td><td>Na\u011fme<\/td><td>On&#8217;un Se\u00e7tikleri<\/td><td>On&#8217;un Se\u00e7tikleri<\/td><\/tr><tr><td>19.00 &#8211; 19.15<\/td><td>Haberler<\/td><td>Haberler<\/td><td>Haberler<\/td><td>Haberler<\/td><td>Haberler<\/td><td>Haberler<\/td><td>Haberler<\/td><\/tr><tr><td>19.15 &#8211; 21.00<\/td><td>On Dj<\/td><td>On Dj<\/td><td>On Dj<\/td><td>On Dj<\/td><td>On Dj<\/td><td>Pencere<\/td><td>Pencere<\/td><\/tr><tr><td>21.00 &#8211; 21.15<\/td><td>Haberler<\/td><td>Haberler<\/td><td>Haberler<\/td><td>Haberler<\/td><td>Haberler<\/td><td>Haberler<\/td><td>Haberler<\/td><\/tr><tr><td>21.15 &#8211; 23.00<\/td><td>Gece Vardiyas\u0131<\/td><td>Gece Vardiyas\u0131<\/td><td>Gece Vardiyas\u0131<\/td><td>Gece Vardiyas\u0131<\/td><td>Gece Vardiyas\u0131<\/td><td>Gece Vardiyas\u0131<\/td><td>Gece Vardiyas\u0131<\/td><\/tr><tr><td>23.00 &#8211; 23.15<\/td><td>Haberler<\/td><td>Haberler<\/td><td>Haberler<\/td><td>Haberler<\/td><td>Haberler<\/td><td>Haberler<\/td><td>Haberler<\/td><\/tr><tr><td>23.15 &#8211; 01.00<\/td><td>On&#8217;dan Size<\/td><td>On&#8217;dan Size<\/td><td>On&#8217;dan Size<\/td><td>On&#8217;dan Size<\/td><td>On&#8217;dan Size<\/td><td>On&#8217;dan Size<\/td><td>G\u00f6kkube<\/td><\/tr><tr><td>01.00 &#8211; 08.00<\/td><td>On&#8217;un Se\u00e7tikleri<\/td><td>On&#8217;un Se\u00e7tikleri<\/td><td>On&#8217;un Se\u00e7tikleri<\/td><td>On&#8217;un Se\u00e7tikleri<\/td><td>On&#8217;un Se\u00e7tikleri<\/td><td>On&#8217;un Se\u00e7tikleri<\/td><td>On&#8217;un Se\u00e7tikleri<\/td><\/tr><\/tbody><\/table><\/figure>\n","protected":false},"excerpt":{"rendered":"<p>2008 PAZARTES\u0130 SALI \u00c7AR\u015eAMBA PER\u015eEMBE CUMA CUMARTES\u0130 PAZAR 08.00 &#8211; 10.00 G\u00fcnayd\u0131n G\u00fcnayd\u0131n G\u00fcnayd\u0131n G\u00fcnayd\u0131n G\u00fcnayd\u0131n O. Se\u00e7tikleri O.Se\u00e7tikleri &nbsp; &hellip; <a href=\"https:\/\/radyo10.com\/index.php\/yayin-akisi\/\" class=\"more-link\"><span class=\"more-button\">Okumaya devam et<span class=\"screen-reader-text\">Yay\u0131n Ak\u0131\u015f\u0131<\/span><\/span><\/a><\/p>\n","protected":false},"author":2,"featured_media":0,"parent":0,"menu_order":0,"comment_status":"closed","ping_status":"closed","template":"","meta":[],"_links":{"self":[{"href":"https:\/\/radyo10.com\/index.php\/wp-json\/wp\/v2\/pages\/75"}],"collection":[{"href":"https:\/\/radyo10.com\/index.php\/wp-json\/wp\/v2\/pages"}],"about":[{"href":"https:\/\/radyo10.com\/index.php\/wp-json\/wp\/v2\/types\/page"}],"author":[{"embeddable":true,"href":"https:\/\/radyo10.com\/index.php\/wp-json\/wp\/v2\/users\/2"}],"replies":[{"embeddable":true,"href":"https:\/\/radyo10.com\/index.php\/wp-json\/wp\/v2\/comments?post=75"}],"version-history":[{"count":1,"href":"https:\/\/radyo10.com\/index.php\/wp-json\/wp\/v2\/pages\/75\/revisions"}],"predecessor-version":[{"id":76,"href":"https:\/\/radyo10.com\/index.php\/wp-json\/wp\/v2\/pages\/75\/revisions\/76"}],"wp:attachment":[{"href":"https:\/\/radyo10.com\/index.php\/wp-json\/wp\/v2\/media?parent=75"}],"curies":[{"name":"wp","href":"https:\/\/api.w.org\/{rel}","templated":true}]}}