{"id":81,"date":"2021-01-02T16:00:43","date_gmt":"2021-01-02T13:00:43","guid":{"rendered":"https:\/\/radyo10.com\/?page_id=81"},"modified":"2021-01-02T16:16:29","modified_gmt":"2021-01-02T13:16:29","slug":"81-2","status":"publish","type":"page","link":"https:\/\/radyo10.com\/","title":{"rendered":""},"content":{"rendered":"<div aria-live=\"polite\" id=\"soliloquy-container-89\" class=\"soliloquy-container soliloquy-transition-fade  soliloquy-theme-base\" style=\"max-width:1000px;max-height:500px;\"><ul id=\"soliloquy-89\" class=\"soliloquy-slider soliloquy-slides soliloquy-wrap soliloquy-clear\"><li aria-hidden=\"true\" class=\"soliloquy-item soliloquy-item-1 soliloquy-image-slide\" draggable=\"false\" style=\"list-style:none\"><img id=\"soliloquy-image-82\" class=\"soliloquy-image soliloquy-image-1\" src=\"https:\/\/radyo10.com\/wp-content\/uploads\/2021\/01\/mixer-4743476_1920-1000x500_c.jpg\" alt=\"Keyifle dinledi\u011finiz trend \u015fark\u0131lar\" \/><div class=\"soliloquy-caption\"><div class=\"soliloquy-caption-inside\">Keyifle dinledi\u011finiz trend \u015fark\u0131lar<\/div><\/div><\/li><li aria-hidden=\"true\" class=\"soliloquy-item soliloquy-item-2 soliloquy-image-slide\" draggable=\"false\" style=\"list-style:none\"><img id=\"soliloquy-image-86\" class=\"soliloquy-image soliloquy-image-2\" src=\"https:\/\/radyo10.com\/wp-content\/uploads\/2021\/01\/josh-sorenson-LVmyjS0hxYU-unsplash-1000x500_c.jpg\" alt=\"80&#039;lerden g\u00fcn\u00fcm\u00fcze kadar uzanan en \u00f6zel ve en g\u00fczel playlistleri bu radyoda dinleyeceksiniz...\" \/><div class=\"soliloquy-caption\"><div class=\"soliloquy-caption-inside\">80'lerden g\u00fcn\u00fcm\u00fcze kadar uzanan en \u00f6zel ve en g\u00fczel playlistleri bu radyoda dinleyeceksiniz...<\/div><\/div><\/li><li aria-hidden=\"true\" class=\"soliloquy-item soliloquy-item-3 soliloquy-image-slide\" draggable=\"false\" style=\"list-style:none\"><img id=\"soliloquy-image-85\" class=\"soliloquy-image soliloquy-image-3\" src=\"https:\/\/radyo10.com\/wp-content\/uploads\/2021\/01\/tymur-kuchumov-i6HKsKPjDKk-unsplash-scaled-1000x500_c.jpg\" alt=\"Al\u0131\u015f\u0131lm\u0131\u015f\u0131n d\u0131\u015f\u0131nda.\" \/><div class=\"soliloquy-caption\"><div class=\"soliloquy-caption-inside\">Al\u0131\u015f\u0131lm\u0131\u015f\u0131n d\u0131\u015f\u0131nda.<\/div><\/div><\/li><li aria-hidden=\"true\" class=\"soliloquy-item soliloquy-item-4 soliloquy-image-slide\" draggable=\"false\" style=\"list-style:none\"><img id=\"soliloquy-image-84\" class=\"soliloquy-image soliloquy-image-4\" src=\"https:\/\/radyo10.com\/wp-content\/uploads\/2021\/01\/sweetheartshi-UrY8jgHHapw-unsplash-1000x500_c.jpg\" alt=\"Herg\u00fcne Farkl\u0131 Yay\u0131n Ak\u0131\u015f\u0131\" \/><div class=\"soliloquy-caption\"><div class=\"soliloquy-caption-inside\">Herg\u00fcne Farkl\u0131 Yay\u0131n Ak\u0131\u015f\u0131<\/div><\/div><\/li><li aria-hidden=\"true\" class=\"soliloquy-item soliloquy-item-5 soliloquy-image-slide\" draggable=\"false\" style=\"list-style:none\"><img id=\"soliloquy-image-83\" class=\"soliloquy-image soliloquy-image-5\" src=\"https:\/\/radyo10.com\/wp-content\/uploads\/2021\/01\/jonathan-velasquez-c1ZN57GfDB0-unsplash-scaled-1000x500_c.jpg\" alt=\"\u0130yi, g\u00fczel ve do\u011fru\" \/><div class=\"soliloquy-caption\"><div class=\"soliloquy-caption-inside\">\u0130yi, g\u00fczel ve do\u011fru<\/div><\/div><\/li><\/ul><\/div><noscript><style type=\"text\/css\">#soliloquy-container-89{opacity:1}<\/style><\/noscript>\n","protected":false},"excerpt":{"rendered":"","protected":false},"author":2,"featured_media":0,"parent":0,"menu_order":0,"comment_status":"closed","ping_status":"closed","template":"","meta":[],"_links":{"self":[{"href":"https:\/\/radyo10.com\/index.php\/wp-json\/wp\/v2\/pages\/81"}],"collection":[{"href":"https:\/\/radyo10.com\/index.php\/wp-json\/wp\/v2\/pages"}],"about":[{"href":"https:\/\/radyo10.com\/index.php\/wp-json\/wp\/v2\/types\/page"}],"author":[{"embeddable":true,"href":"https:\/\/radyo10.com\/index.php\/wp-json\/wp\/v2\/users\/2"}],"replies":[{"embeddable":true,"href":"https:\/\/radyo10.com\/index.php\/wp-json\/wp\/v2\/comments?post=81"}],"version-history":[{"count":2,"href":"https:\/\/radyo10.com\/index.php\/wp-json\/wp\/v2\/pages\/81\/revisions"}],"predecessor-version":[{"id":90,"href":"https:\/\/radyo10.com\/index.php\/wp-json\/wp\/v2\/pages\/81\/revisions\/90"}],"wp:attachment":[{"href":"https:\/\/radyo10.com\/index.php\/wp-json\/wp\/v2\/media?parent=81"}],"curies":[{"name":"wp","href":"https:\/\/api.w.org\/{rel}","templated":true}]}}